{"id":1051,"date":"2024-01-22T01:50:43","date_gmt":"2024-01-22T01:50:43","guid":{"rendered":"https:\/\/zyzn-ggma.com\/?page_id=1051"},"modified":"2024-01-24T07:48:46","modified_gmt":"2024-01-24T07:48:46","slug":"chinese-mini-excavator-manufacturers","status":"publish","type":"page","link":"https:\/\/zyzn-ggma.com\/ru\/chinese-mini-excavator-manufacturers\/","title":{"rendered":"\u041a\u0438\u0442\u0430\u0439\u0441\u043a\u0438\u0435 \u043f\u0440\u043e\u0438\u0437\u0432\u043e\u0434\u0438\u0442\u0435\u043b\u0438 \u043c\u0438\u043d\u0438-\u044d\u043a\u0441\u043a\u0430\u0432\u0430\u0442\u043e\u0440\u043e\u0432"},"content":{"rendered":"<div data-elementor-type=\"wp-page\" data-elementor-id=\"1051\" class=\"elementor elementor-1051\" data-elementor-post-type=\"page\">\n\t\t\t\t<div class=\"elementor-element elementor-element-fe0882a e-flex e-con-boxed e-con e-parent\" data-id=\"fe0882a\" data-element_type=\"container\" data-settings=\"{&quot;content_width&quot;:&quot;boxed&quot;}\" data-core-v316-plus=\"true\">\n\t\t\t\t\t<div class=\"e-con-inner\">\n\t\t\t\t<div class=\"elementor-element elementor-element-ea50d67 elementor-widget elementor-widget-image\" data-id=\"ea50d67\" data-element_type=\"widget\" data-widget_type=\"image.default\">\n\t\t\t\t<div class=\"elementor-widget-container\">\n\t\t\t<style>\/*! elementor - v3.19.0 - 29-01-2024 *\/\n.elementor-widget-image{text-align:center}.elementor-widget-image a{display:inline-block}.elementor-widget-image a img[src$=\".svg\"]{width:48px}.elementor-widget-image img{vertical-align:middle;display:inline-block}<\/style>\t\t\t\t\t\t\t\t\t\t<img fetchpriority=\"high\" decoding=\"async\" width=\"1021\" height=\"2480\" src=\"https:\/\/zyzn-ggma.com\/wp-content\/uploads\/2024\/01\/\u5c0f\u6316-\u62f7\u8d1d-2.jpg\" class=\"attachment-full size-full wp-image-1094\" alt=\"\" srcset=\"https:\/\/zyzn-ggma.com\/wp-content\/uploads\/2024\/01\/\u5c0f\u6316-\u62f7\u8d1d-2.jpg 1021w, https:\/\/zyzn-ggma.com\/wp-content\/uploads\/2024\/01\/\u5c0f\u6316-\u62f7\u8d1d-2-124x300.jpg 124w, https:\/\/zyzn-ggma.com\/wp-content\/uploads\/2024\/01\/\u5c0f\u6316-\u62f7\u8d1d-2-422x1024.jpg 422w, https:\/\/zyzn-ggma.com\/wp-content\/uploads\/2024\/01\/\u5c0f\u6316-\u62f7\u8d1d-2-768x1865.jpg 768w, https:\/\/zyzn-ggma.com\/wp-content\/uploads\/2024\/01\/\u5c0f\u6316-\u62f7\u8d1d-2-632x1536.jpg 632w, https:\/\/zyzn-ggma.com\/wp-content\/uploads\/2024\/01\/\u5c0f\u6316-\u62f7\u8d1d-2-843x2048.jpg 843w, https:\/\/zyzn-ggma.com\/wp-content\/uploads\/2024\/01\/\u5c0f\u6316-\u62f7\u8d1d-2-5x12.jpg 5w, https:\/\/zyzn-ggma.com\/wp-content\/uploads\/2024\/01\/\u5c0f\u6316-\u62f7\u8d1d-2-600x1457.jpg 600w\" sizes=\"(max-width: 1021px) 100vw, 1021px\" \/>\t\t\t\t\t\t\t\t\t\t\t\t\t<\/div>\n\t\t\t\t<\/div>\n\t\t\t\t\t<\/div>\n\t\t\t\t<\/div>\n\t\t<div class=\"elementor-element elementor-element-cf22e99 elementor-hidden-mobile e-flex e-con-boxed e-con e-parent\" data-id=\"cf22e99\" data-element_type=\"container\" data-settings=\"{&quot;content_width&quot;:&quot;boxed&quot;}\" data-core-v316-plus=\"true\">\n\t\t\t\t\t<div class=\"e-con-inner\">\n\t\t\t\t<div class=\"elementor-element elementor-element-ffbf93f elementor-hidden-tablet elementor-widget elementor-widget-heading\" data-id=\"ffbf93f\" data-element_type=\"widget\" data-widget_type=\"heading.default\">\n\t\t\t\t<div class=\"elementor-widget-container\">\n\t\t\t<style>\/*! elementor - v3.19.0 - 29-01-2024 *\/\n.elementor-heading-title{padding:0;margin:0;line-height:1}.elementor-widget-heading .elementor-heading-title[class*=elementor-size-]>a{color:inherit;font-size:inherit;line-height:inherit}.elementor-widget-heading .elementor-heading-title.elementor-size-small{font-size:15px}.elementor-widget-heading .elementor-heading-title.elementor-size-medium{font-size:19px}.elementor-widget-heading .elementor-heading-title.elementor-size-large{font-size:29px}.elementor-widget-heading .elementor-heading-title.elementor-size-xl{font-size:39px}.elementor-widget-heading .elementor-heading-title.elementor-size-xxl{font-size:59px}<\/style><h2 class=\"elementor-heading-title elementor-size-default\">\u042d\u041a\u0421\u041a\u0410\u0412\u0410\u0422\u041e\u0420 \u0420\u0410\u0417\u041b\u0418\u0427\u041d\u042b\u0425 \u041c\u041e\u0414\u0415\u041b\u0415\u0419<br><\/h2>\t\t<\/div>\n\t\t\t\t<\/div>\n\t\t\t\t\t<\/div>\n\t\t\t\t<\/div>\n\t\t<div class=\"elementor-element elementor-element-498e676 e-flex e-con-boxed e-con e-parent\" data-id=\"498e676\" data-element_type=\"container\" data-settings=\"{&quot;content_width&quot;:&quot;boxed&quot;}\" data-core-v316-plus=\"true\">\n\t\t\t\t\t<div class=\"e-con-inner\">\n\t\t<div class=\"elementor-element elementor-element-99c5e6c e-con-full elementor-hidden-mobile e-flex e-con e-child\" data-id=\"99c5e6c\" data-element_type=\"container\" data-settings=\"{&quot;content_width&quot;:&quot;full&quot;}\">\n\t\t<div class=\"elementor-element elementor-element-9645104 e-flex e-con-boxed e-con e-child\" data-id=\"9645104\" data-element_type=\"container\" data-settings=\"{&quot;content_width&quot;:&quot;boxed&quot;}\">\n\t\t\t\t\t<div class=\"e-con-inner\">\n\t\t\t\t<div class=\"elementor-element elementor-element-9e2e176 elementor-hidden-tablet elementor-widget elementor-widget-image\" data-id=\"9e2e176\" data-element_type=\"widget\" data-widget_type=\"image.default\">\n\t\t\t\t<div class=\"elementor-widget-container\">\n\t\t\t\t\t\t\t\t\t\t\t\t\t<img decoding=\"async\" width=\"650\" height=\"450\" src=\"https:\/\/zyzn-ggma.com\/wp-content\/uploads\/2024\/01\/2.png\" class=\"attachment-large size-large wp-image-1071\" alt=\"\" srcset=\"https:\/\/zyzn-ggma.com\/wp-content\/uploads\/2024\/01\/2.png 650w, https:\/\/zyzn-ggma.com\/wp-content\/uploads\/2024\/01\/2-300x208.png 300w, https:\/\/zyzn-ggma.com\/wp-content\/uploads\/2024\/01\/2-18x12.png 18w, https:\/\/zyzn-ggma.com\/wp-content\/uploads\/2024\/01\/2-600x415.png 600w\" sizes=\"(max-width: 650px) 100vw, 650px\" \/>\t\t\t\t\t\t\t\t\t\t\t\t\t<\/div>\n\t\t\t\t<\/div>\n\t\t\t\t\t<\/div>\n\t\t\t\t<\/div>\n\t\t\t\t<\/div>\n\t\t<div class=\"elementor-element elementor-element-24d013e e-con-full e-flex e-con e-child\" data-id=\"24d013e\" data-element_type=\"container\" data-settings=\"{&quot;content_width&quot;:&quot;full&quot;}\">\n\t\t<div class=\"elementor-element elementor-element-37cab95 elementor-hidden-mobile e-flex e-con-boxed e-con e-child\" data-id=\"37cab95\" data-element_type=\"container\" data-settings=\"{&quot;content_width&quot;:&quot;boxed&quot;}\">\n\t\t\t\t\t<div class=\"e-con-inner\">\n\t\t\t\t<div class=\"elementor-element elementor-element-38e8825 elementor-widget elementor-widget-image\" data-id=\"38e8825\" data-element_type=\"widget\" data-widget_type=\"image.default\">\n\t\t\t\t<div class=\"elementor-widget-container\">\n\t\t\t\t\t\t\t\t\t\t\t\t\t<img decoding=\"async\" width=\"650\" height=\"450\" src=\"https:\/\/zyzn-ggma.com\/wp-content\/uploads\/2024\/01\/3.png\" class=\"attachment-large size-large wp-image-1072\" alt=\"\" srcset=\"https:\/\/zyzn-ggma.com\/wp-content\/uploads\/2024\/01\/3.png 650w, https:\/\/zyzn-ggma.com\/wp-content\/uploads\/2024\/01\/3-300x208.png 300w, https:\/\/zyzn-ggma.com\/wp-content\/uploads\/2024\/01\/3-18x12.png 18w, https:\/\/zyzn-ggma.com\/wp-content\/uploads\/2024\/01\/3-600x415.png 600w\" sizes=\"(max-width: 650px) 100vw, 650px\" \/>\t\t\t\t\t\t\t\t\t\t\t\t\t<\/div>\n\t\t\t\t<\/div>\n\t\t\t\t\t<\/div>\n\t\t\t\t<\/div>\n\t\t\t\t<\/div>\n\t\t<div class=\"elementor-element elementor-element-c680a0f e-con-full e-flex e-con e-child\" data-id=\"c680a0f\" data-element_type=\"container\" data-settings=\"{&quot;content_width&quot;:&quot;full&quot;}\">\n\t\t<div class=\"elementor-element elementor-element-4f47051 elementor-hidden-mobile e-flex e-con-boxed e-con e-child\" data-id=\"4f47051\" data-element_type=\"container\" data-settings=\"{&quot;content_width&quot;:&quot;boxed&quot;}\">\n\t\t\t\t\t<div class=\"e-con-inner\">\n\t\t\t\t<div class=\"elementor-element elementor-element-2beb560 elementor-widget elementor-widget-image\" data-id=\"2beb560\" data-element_type=\"widget\" data-widget_type=\"image.default\">\n\t\t\t\t<div class=\"elementor-widget-container\">\n\t\t\t\t\t\t\t\t\t\t\t\t\t<img loading=\"lazy\" decoding=\"async\" width=\"650\" height=\"450\" src=\"https:\/\/zyzn-ggma.com\/wp-content\/uploads\/2024\/01\/4.png\" class=\"attachment-large size-large wp-image-1073\" alt=\"\" srcset=\"https:\/\/zyzn-ggma.com\/wp-content\/uploads\/2024\/01\/4.png 650w, https:\/\/zyzn-ggma.com\/wp-content\/uploads\/2024\/01\/4-300x208.png 300w, https:\/\/zyzn-ggma.com\/wp-content\/uploads\/2024\/01\/4-18x12.png 18w, https:\/\/zyzn-ggma.com\/wp-content\/uploads\/2024\/01\/4-600x415.png 600w\" sizes=\"(max-width: 650px) 100vw, 650px\" \/>\t\t\t\t\t\t\t\t\t\t\t\t\t<\/div>\n\t\t\t\t<\/div>\n\t\t\t\t\t<\/div>\n\t\t\t\t<\/div>\n\t\t\t\t<\/div>\n\t\t<div class=\"elementor-element elementor-element-9b4e26f e-con-full e-flex e-con e-child\" data-id=\"9b4e26f\" data-element_type=\"container\" data-settings=\"{&quot;content_width&quot;:&quot;full&quot;}\">\n\t\t<div class=\"elementor-element elementor-element-b84a721 e-flex e-con-boxed e-con e-child\" data-id=\"b84a721\" data-element_type=\"container\" data-settings=\"{&quot;content_width&quot;:&quot;boxed&quot;}\">\n\t\t\t\t\t<div class=\"e-con-inner\">\n\t\t\t\t<div class=\"elementor-element elementor-element-ba82f5c elementor-widget__width-initial elementor-hidden-mobile elementor-widget elementor-widget-button\" data-id=\"ba82f5c\" data-element_type=\"widget\" data-widget_type=\"button.default\">\n\t\t\t\t<div class=\"elementor-widget-container\">\n\t\t\t\t\t<div class=\"elementor-button-wrapper\">\n\t\t\t<a class=\"elementor-button elementor-button-link elementor-size-sm\" href=\"#\">\n\t\t\t\t\t\t<span class=\"elementor-button-content-wrapper\">\n\t\t\t\t\t\t<span class=\"elementor-button-text\">\u041a\u0430\u0442\u0430\u043b\u043e\u0433 \u043f\u0440\u043e\u0434\u0443\u043a\u0446\u0438\u0438<\/span>\n\t\t<\/span>\n\t\t\t\t\t<\/a>\n\t\t<\/div>\n\t\t\t\t<\/div>\n\t\t\t\t<\/div>\n\t\t\t\t\t<\/div>\n\t\t\t\t<\/div>\n\t\t\t\t<\/div>\n\t\t<div class=\"elementor-element elementor-element-1d7d238 e-con-full e-flex e-con e-child\" data-id=\"1d7d238\" data-element_type=\"container\" data-settings=\"{&quot;content_width&quot;:&quot;full&quot;}\">\n\t\t<div class=\"elementor-element elementor-element-483a088 e-con-full e-flex e-con e-child\" data-id=\"483a088\" data-element_type=\"container\" data-settings=\"{&quot;content_width&quot;:&quot;full&quot;}\">\n\t\t\t\t<div class=\"elementor-element elementor-element-2e728cf elementor-hidden-mobile elementor-widget elementor-widget-button\" data-id=\"2e728cf\" data-element_type=\"widget\" data-widget_type=\"button.default\">\n\t\t\t\t<div class=\"elementor-widget-container\">\n\t\t\t\t\t<div class=\"elementor-button-wrapper\">\n\t\t\t<a class=\"elementor-button elementor-button-link elementor-size-sm\" href=\"#\">\n\t\t\t\t\t\t<span class=\"elementor-button-content-wrapper\">\n\t\t\t\t\t\t<span class=\"elementor-button-text\">H\u00e4ndlerpreisliste<\/span>\n\t\t<\/span>\n\t\t\t\t\t<\/a>\n\t\t<\/div>\n\t\t\t\t<\/div>\n\t\t\t\t<\/div>\n\t\t\t\t<\/div>\n\t\t\t\t<\/div>\n\t\t<div class=\"elementor-element elementor-element-a7f1cd9 e-con-full e-flex e-con e-child\" data-id=\"a7f1cd9\" data-element_type=\"container\" data-settings=\"{&quot;content_width&quot;:&quot;full&quot;}\">\n\t\t<div class=\"elementor-element elementor-element-be390eb e-flex e-con-boxed e-con e-child\" data-id=\"be390eb\" data-element_type=\"container\" data-settings=\"{&quot;content_width&quot;:&quot;boxed&quot;}\">\n\t\t\t\t\t<div class=\"e-con-inner\">\n\t\t\t\t<div class=\"elementor-element elementor-element-36d6125 elementor-widget__width-initial elementor-hidden-mobile elementor-widget elementor-widget-button\" data-id=\"36d6125\" data-element_type=\"widget\" data-widget_type=\"button.default\">\n\t\t\t\t<div class=\"elementor-widget-container\">\n\t\t\t\t\t<div class=\"elementor-button-wrapper\">\n\t\t\t<a class=\"elementor-button elementor-button-link elementor-size-sm\" href=\"#\">\n\t\t\t\t\t\t<span class=\"elementor-button-content-wrapper\">\n\t\t\t\t\t\t<span class=\"elementor-button-text\">\u041a\u0430\u0442\u0430\u043b\u043e\u0433 \u043f\u0440\u043e\u0434\u0443\u043a\u0446\u0438\u0438<\/span>\n\t\t<\/span>\n\t\t\t\t\t<\/a>\n\t\t<\/div>\n\t\t\t\t<\/div>\n\t\t\t\t<\/div>\n\t\t\t\t\t<\/div>\n\t\t\t\t<\/div>\n\t\t\t\t<\/div>\n\t\t<div class=\"elementor-element elementor-element-11b5f29 e-con-full e-flex e-con e-child\" data-id=\"11b5f29\" data-element_type=\"container\" data-settings=\"{&quot;content_width&quot;:&quot;full&quot;}\">\n\t\t<div class=\"elementor-element elementor-element-a2a9934 e-con-full e-flex e-con e-child\" data-id=\"a2a9934\" data-element_type=\"container\" data-settings=\"{&quot;content_width&quot;:&quot;full&quot;}\">\n\t\t\t\t<div class=\"elementor-element elementor-element-322c7bc elementor-hidden-mobile elementor-widget elementor-widget-button\" data-id=\"322c7bc\" data-element_type=\"widget\" data-widget_type=\"button.default\">\n\t\t\t\t<div class=\"elementor-widget-container\">\n\t\t\t\t\t<div class=\"elementor-button-wrapper\">\n\t\t\t<a class=\"elementor-button elementor-button-link elementor-size-sm\" href=\"#\">\n\t\t\t\t\t\t<span class=\"elementor-button-content-wrapper\">\n\t\t\t\t\t\t<span class=\"elementor-button-text\">H\u00e4ndlerpreisliste<\/span>\n\t\t<\/span>\n\t\t\t\t\t<\/a>\n\t\t<\/div>\n\t\t\t\t<\/div>\n\t\t\t\t<\/div>\n\t\t\t\t<\/div>\n\t\t\t\t<\/div>\n\t\t<div class=\"elementor-element elementor-element-5a2935f e-con-full e-flex e-con e-child\" data-id=\"5a2935f\" data-element_type=\"container\" data-settings=\"{&quot;content_width&quot;:&quot;full&quot;}\">\n\t\t<div class=\"elementor-element elementor-element-f74daa7 e-flex e-con-boxed e-con e-child\" data-id=\"f74daa7\" data-element_type=\"container\" data-settings=\"{&quot;content_width&quot;:&quot;boxed&quot;}\">\n\t\t\t\t\t<div class=\"e-con-inner\">\n\t\t\t\t<div class=\"elementor-element elementor-element-2c2af10 elementor-widget__width-initial elementor-hidden-mobile elementor-widget elementor-widget-button\" data-id=\"2c2af10\" data-element_type=\"widget\" data-widget_type=\"button.default\">\n\t\t\t\t<div class=\"elementor-widget-container\">\n\t\t\t\t\t<div class=\"elementor-button-wrapper\">\n\t\t\t<a class=\"elementor-button elementor-button-link elementor-size-sm\" href=\"#\">\n\t\t\t\t\t\t<span class=\"elementor-button-content-wrapper\">\n\t\t\t\t\t\t<span class=\"elementor-button-text\">\u041a\u0430\u0442\u0430\u043b\u043e\u0433 \u043f\u0440\u043e\u0434\u0443\u043a\u0446\u0438\u0438<\/span>\n\t\t<\/span>\n\t\t\t\t\t<\/a>\n\t\t<\/div>\n\t\t\t\t<\/div>\n\t\t\t\t<\/div>\n\t\t\t\t\t<\/div>\n\t\t\t\t<\/div>\n\t\t\t\t<\/div>\n\t\t<div class=\"elementor-element elementor-element-bb7c4cf e-con-full e-flex e-con e-child\" data-id=\"bb7c4cf\" data-element_type=\"container\" data-settings=\"{&quot;content_width&quot;:&quot;full&quot;}\">\n\t\t<div class=\"elementor-element elementor-element-49a64e3 e-con-full e-flex e-con e-child\" data-id=\"49a64e3\" data-element_type=\"container\" data-settings=\"{&quot;content_width&quot;:&quot;full&quot;}\">\n\t\t\t\t<div class=\"elementor-element elementor-element-02992be elementor-hidden-mobile elementor-widget elementor-widget-button\" data-id=\"02992be\" data-element_type=\"widget\" data-widget_type=\"button.default\">\n\t\t\t\t<div class=\"elementor-widget-container\">\n\t\t\t\t\t<div class=\"elementor-button-wrapper\">\n\t\t\t<a class=\"elementor-button elementor-button-link elementor-size-sm\" href=\"#\">\n\t\t\t\t\t\t<span class=\"elementor-button-content-wrapper\">\n\t\t\t\t\t\t<span class=\"elementor-button-text\">H\u00e4ndlerpreisliste<\/span>\n\t\t<\/span>\n\t\t\t\t\t<\/a>\n\t\t<\/div>\n\t\t\t\t<\/div>\n\t\t\t\t<\/div>\n\t\t\t\t<\/div>\n\t\t\t\t<\/div>\n\t\t\t\t\t<\/div>\n\t\t\t\t<\/div>\n\t\t\t\t<\/div>","protected":false},"excerpt":{"rendered":"<p>EXCAVATOR VARIOUS MODELS Produktkatalog H\u00e4ndlerpreisliste Produktkatalog H\u00e4ndlerpreisliste Produktkatalog H\u00e4ndlerpreisliste<\/p>","protected":false},"author":1,"featured_media":0,"parent":0,"menu_order":0,"comment_status":"closed","ping_status":"closed","template":"","meta":{"_seopress_robots_primary_cat":"","footnotes":""},"class_list":["post-1051","page","type-page","status-publish","hentry"],"_links":{"self":[{"href":"https:\/\/zyzn-ggma.com\/ru\/wp-json\/wp\/v2\/pages\/1051","targetHints":{"allow":["GET"]}}],"collection":[{"href":"https:\/\/zyzn-ggma.com\/ru\/wp-json\/wp\/v2\/pages"}],"about":[{"href":"https:\/\/zyzn-ggma.com\/ru\/wp-json\/wp\/v2\/types\/page"}],"author":[{"embeddable":true,"href":"https:\/\/zyzn-ggma.com\/ru\/wp-json\/wp\/v2\/users\/1"}],"replies":[{"embeddable":true,"href":"https:\/\/zyzn-ggma.com\/ru\/wp-json\/wp\/v2\/comments?post=1051"}],"version-history":[{"count":142,"href":"https:\/\/zyzn-ggma.com\/ru\/wp-json\/wp\/v2\/pages\/1051\/revisions"}],"predecessor-version":[{"id":1228,"href":"https:\/\/zyzn-ggma.com\/ru\/wp-json\/wp\/v2\/pages\/1051\/revisions\/1228"}],"wp:attachment":[{"href":"https:\/\/zyzn-ggma.com\/ru\/wp-json\/wp\/v2\/media?parent=1051"}],"curies":[{"name":"wp","href":"https:\/\/api.w.org\/{rel}","templated":true}]}}